{"id":847,"date":"2019-10-09T10:00:12","date_gmt":"2019-10-09T08:00:12","guid":{"rendered":"https:\/\/domzalezamlade.si\/?page_id=847"},"modified":"2020-03-25T18:53:03","modified_gmt":"2020-03-25T17:53:03","slug":"popusti-za-dijake-in-studente","status":"publish","type":"page","link":"https:\/\/salonupload.com\/dzm\/mladinska-sfera\/popusti-za-dijake-in-studente\/","title":{"rendered":"Popusti za dijake in \u0161tudente"},"content":{"rendered":"\t\t<div data-elementor-type=\"wp-post\" data-elementor-id=\"847\" class=\"elementor elementor-847\">\n\t\t\t\t\t\t<section class=\"elementor-section elementor-top-section elementor-element elementor-element-bef9605 elementor-section-full_width elementor-section-height-min-height elementor-section-height-default elementor-section-items-middle\" data-id=\"bef9605\" data-element_type=\"section\" data-e-type=\"section\" data-settings=\"{&quot;jet_parallax_layout_list&quot;:[{&quot;jet_parallax_layout_image&quot;:{&quot;url&quot;:&quot;&quot;,&quot;id&quot;:&quot;&quot;,&quot;size&quot;:&quot;&quot;},&quot;_id&quot;:&quot;6e2e33f&quot;,&quot;jet_parallax_layout_speed&quot;:{&quot;unit&quot;:&quot;%&quot;,&quot;size&quot;:50,&quot;sizes&quot;:[]},&quot;jet_parallax_layout_type&quot;:&quot;scroll&quot;,&quot;jet_parallax_layout_z_index&quot;:&quot;&quot;,&quot;jet_parallax_layout_bg_x&quot;:50,&quot;jet_parallax_layout_bg_y&quot;:50,&quot;jet_parallax_layout_bg_size&quot;:&quot;auto&quot;,&quot;jet_parallax_layout_animation_prop&quot;:&quot;transform&quot;,&quot;jet_parallax_layout_on&quot;:[&quot;desktop&quot;,&quot;tablet&quot;],&quot;jet_parallax_layout_image_tablet&quot;:{&quot;url&quot;:&quot;&quot;,&quot;id&quot;:&quot;&quot;,&quot;size&quot;:&quot;&quot;},&quot;jet_parallax_layout_image_mobile&quot;:{&quot;url&quot;:&quot;&quot;,&quot;id&quot;:&quot;&quot;,&quot;size&quot;:&quot;&quot;},&quot;jet_parallax_layout_direction&quot;:&quot;1&quot;,&quot;jet_parallax_layout_fx_direction&quot;:null,&quot;jet_parallax_layout_bg_x_tablet&quot;:&quot;&quot;,&quot;jet_parallax_layout_bg_x_mobile&quot;:&quot;&quot;,&quot;jet_parallax_layout_bg_y_tablet&quot;:&quot;&quot;,&quot;jet_parallax_layout_bg_y_mobile&quot;:&quot;&quot;,&quot;jet_parallax_layout_bg_size_tablet&quot;:&quot;&quot;,&quot;jet_parallax_layout_bg_size_mobile&quot;:&quot;&quot;}],&quot;background_background&quot;:&quot;classic&quot;}\">\n\t\t\t\t\t\t\t<div class=\"elementor-background-overlay\"><\/div>\n\t\t\t\t\t\t\t<div class=\"elementor-container elementor-column-gap-default\">\n\t\t\t\t\t<div class=\"elementor-column elementor-col-100 elementor-top-column elementor-element elementor-element-40ffb37d\" data-id=\"40ffb37d\" data-element_type=\"column\" data-e-type=\"column\">\n\t\t\t<div class=\"elementor-widget-wrap elementor-element-populated\">\n\t\t\t\t\t\t<div class=\"elementor-element elementor-element-82f8e59 elementor-widget elementor-widget-heading\" data-id=\"82f8e59\" data-element_type=\"widget\" data-e-type=\"widget\" data-widget_type=\"heading.default\">\n\t\t\t\t<div class=\"elementor-widget-container\">\n\t\t\t\t\t<h1 class=\"elementor-heading-title elementor-size-default\"><b>MLADINSKA <\/b>SFERA<\/h1>\t\t\t\t<\/div>\n\t\t\t\t<\/div>\n\t\t\t\t<div class=\"elementor-element elementor-element-5c1e47fb elementor-widget elementor-widget-heading\" data-id=\"5c1e47fb\" data-element_type=\"widget\" data-e-type=\"widget\" data-widget_type=\"heading.default\">\n\t\t\t\t<div class=\"elementor-widget-container\">\n\t\t\t\t\t<h6 class=\"elementor-heading-title elementor-size-default\">S skupnimi mo\u010dmi za bolj\u0161o prihodnost<\/h6>\t\t\t\t<\/div>\n\t\t\t\t<\/div>\n\t\t\t\t\t<\/div>\n\t\t<\/div>\n\t\t\t\t\t<\/div>\n\t\t<\/section>\n\t\t\t\t<section class=\"elementor-section elementor-top-section elementor-element elementor-element-590d797 elementor-section-stretched elementor-section-boxed elementor-section-height-default elementor-section-height-default\" data-id=\"590d797\" data-element_type=\"section\" data-e-type=\"section\" data-settings=\"{&quot;stretch_section&quot;:&quot;section-stretched&quot;,&quot;jet_parallax_layout_list&quot;:[{&quot;jet_parallax_layout_image&quot;:{&quot;url&quot;:&quot;&quot;,&quot;id&quot;:&quot;&quot;,&quot;size&quot;:&quot;&quot;},&quot;_id&quot;:&quot;8a46d9b&quot;,&quot;jet_parallax_layout_speed&quot;:{&quot;unit&quot;:&quot;%&quot;,&quot;size&quot;:50,&quot;sizes&quot;:[]},&quot;jet_parallax_layout_type&quot;:&quot;scroll&quot;,&quot;jet_parallax_layout_z_index&quot;:&quot;&quot;,&quot;jet_parallax_layout_bg_x&quot;:50,&quot;jet_parallax_layout_bg_y&quot;:50,&quot;jet_parallax_layout_bg_size&quot;:&quot;auto&quot;,&quot;jet_parallax_layout_animation_prop&quot;:&quot;transform&quot;,&quot;jet_parallax_layout_on&quot;:[&quot;desktop&quot;,&quot;tablet&quot;],&quot;jet_parallax_layout_image_tablet&quot;:{&quot;url&quot;:&quot;&quot;,&quot;id&quot;:&quot;&quot;,&quot;size&quot;:&quot;&quot;},&quot;jet_parallax_layout_image_mobile&quot;:{&quot;url&quot;:&quot;&quot;,&quot;id&quot;:&quot;&quot;,&quot;size&quot;:&quot;&quot;},&quot;jet_parallax_layout_direction&quot;:&quot;1&quot;,&quot;jet_parallax_layout_fx_direction&quot;:null,&quot;jet_parallax_layout_bg_x_tablet&quot;:&quot;&quot;,&quot;jet_parallax_layout_bg_x_mobile&quot;:&quot;&quot;,&quot;jet_parallax_layout_bg_y_tablet&quot;:&quot;&quot;,&quot;jet_parallax_layout_bg_y_mobile&quot;:&quot;&quot;,&quot;jet_parallax_layout_bg_size_tablet&quot;:&quot;&quot;,&quot;jet_parallax_layout_bg_size_mobile&quot;:&quot;&quot;}]}\">\n\t\t\t\t\t\t<div class=\"elementor-container elementor-column-gap-default\">\n\t\t\t\t\t<div class=\"elementor-column elementor-col-100 elementor-top-column elementor-element elementor-element-b14001b\" data-id=\"b14001b\" data-element_type=\"column\" data-e-type=\"column\">\n\t\t\t<div class=\"elementor-widget-wrap elementor-element-populated\">\n\t\t\t\t\t\t<div class=\"elementor-element elementor-element-39b71e5 elementor-widget elementor-widget-heading\" data-id=\"39b71e5\" data-element_type=\"widget\" data-e-type=\"widget\" data-widget_type=\"heading.default\">\n\t\t\t\t<div class=\"elementor-widget-container\">\n\t\t\t\t\t<h2 class=\"elementor-heading-title elementor-size-default\"><b>Mladinska<\/b> sfera<\/h2>\t\t\t\t<\/div>\n\t\t\t\t<\/div>\n\t\t\t\t<div class=\"elementor-element elementor-element-c7d6b58 elementor-widget elementor-widget-heading\" data-id=\"c7d6b58\" data-element_type=\"widget\" data-e-type=\"widget\" data-widget_type=\"heading.default\">\n\t\t\t\t<div class=\"elementor-widget-container\">\n\t\t\t\t\t<h2 class=\"elementor-heading-title elementor-size-default\">Popusti za dijake in \u0161tudente<\/h2>\t\t\t\t<\/div>\n\t\t\t\t<\/div>\n\t\t\t\t<div class=\"elementor-element elementor-element-326e1b6 elementor-widget elementor-widget-text-editor\" data-id=\"326e1b6\" data-element_type=\"widget\" data-e-type=\"widget\" data-widget_type=\"text-editor.default\">\n\t\t\t\t<div class=\"elementor-widget-container\">\n\t\t\t\t\t\t\t\t\t<p><span style=\"font-size: 12.0pt; font-family: Dosis; mso-ansi-language: SL;\">Na tej strani najdete seznam ponudnikov v ob\u010dini Dom\u017eale, ki \u0161tudentom in dijakom nudijo popuste.\u00a0 V kolikor ugotovite, da smo koga izpustili ali je na\u00a0<\/span><span style=\"font-size: 12pt; font-family: Dosis;\">novo uvedel ugodnosti, nam to sporo\u010dite <\/span><span style=\"font-size: 12pt; font-family: Dosis;\">in dodali ga bomo na seznam.<\/span><\/p>\t\t\t\t\t\t\t\t<\/div>\n\t\t\t\t<\/div>\n\t\t\t\t<div class=\"elementor-element elementor-element-b6ac4e0 elementor-position-left elementor-vertical-align-top elementor-widget elementor-widget-image-box\" data-id=\"b6ac4e0\" data-element_type=\"widget\" data-e-type=\"widget\" data-widget_type=\"image-box.default\">\n\t\t\t\t<div class=\"elementor-widget-container\">\n\t\t\t\t\t<div class=\"elementor-image-box-wrapper\"><figure class=\"elementor-image-box-img\"><a href=\"http:\/\/www.kd-domzale.si\/\" tabindex=\"-1\"><img decoding=\"async\" src=\"https:\/\/salonupload.com\/dzm\/wp-content\/uploads\/elementor\/thumbs\/bernik_logo-rlr6gnxhvpkwsev0mjfy7fgtpl3919czkuieu1ge7c.png\" title=\"bernik_logo\" alt=\"bernik_logo\" class=\"elementor-animation-grow\" loading=\"lazy\" \/><\/a><\/figure><div class=\"elementor-image-box-content\"><h5 class=\"elementor-image-box-title\"><a href=\"http:\/\/www.kd-domzale.si\/\">Kulturni dom Franca Bernika Dom\u017eale<\/a><\/h5><p class=\"elementor-image-box-description\">20 % popust za \u0161tudente in dijake\n\n<\/p><\/div><\/div>\t\t\t\t<\/div>\n\t\t\t\t<\/div>\n\t\t\t\t<div class=\"elementor-element elementor-element-7545669 elementor-position-left elementor-vertical-align-top elementor-widget elementor-widget-image-box\" data-id=\"7545669\" data-element_type=\"widget\" data-e-type=\"widget\" data-widget_type=\"image-box.default\">\n\t\t\t\t<div class=\"elementor-widget-container\">\n\t\t\t\t\t<div class=\"elementor-image-box-wrapper\"><figure class=\"elementor-image-box-img\"><a href=\"http:\/\/www.knjiznica-domzale.si\/\" tabindex=\"-1\"><img decoding=\"async\" width=\"150\" height=\"64\" src=\"https:\/\/salonupload.com\/dzm\/wp-content\/uploads\/knjiznica-domzale_LOGO-150x64.png\" class=\"elementor-animation-grow attachment-thumbnail size-thumbnail wp-image-1332\" alt=\"\" srcset=\"https:\/\/salonupload.com\/dzm\/wp-content\/uploads\/knjiznica-domzale_LOGO-150x64.png 150w, https:\/\/salonupload.com\/dzm\/wp-content\/uploads\/knjiznica-domzale_LOGO-300x128.png 300w, https:\/\/salonupload.com\/dzm\/wp-content\/uploads\/knjiznica-domzale_LOGO.png 398w\" sizes=\"(max-width: 150px) 100vw, 150px\" \/><\/a><\/figure><div class=\"elementor-image-box-content\"><h5 class=\"elementor-image-box-title\"><a href=\"http:\/\/www.knjiznica-domzale.si\/\">Knji\u017enica Dom\u017eale<\/a><\/h5><p class=\"elementor-image-box-description\">Brezpla\u010dna \u010dlanarina do 18. leta starosti.\n\n\n\n<\/p><\/div><\/div>\t\t\t\t<\/div>\n\t\t\t\t<\/div>\n\t\t\t\t<div class=\"elementor-element elementor-element-aeab7b7 elementor-position-left elementor-vertical-align-top elementor-widget elementor-widget-image-box\" data-id=\"aeab7b7\" data-element_type=\"widget\" data-e-type=\"widget\" data-widget_type=\"image-box.default\">\n\t\t\t\t<div class=\"elementor-widget-container\">\n\t\t\t\t\t<div class=\"elementor-image-box-wrapper\"><figure class=\"elementor-image-box-img\"><a href=\"https:\/\/www.fit-fit.net\/\" tabindex=\"-1\"><img decoding=\"async\" src=\"https:\/\/salonupload.com\/dzm\/wp-content\/uploads\/elementor\/thumbs\/Fit-fit-logo-rlr6fvqc6oib43zz77954mkzw0y8mc91gyxufqm7e0.png\" title=\"Fit fit logo\" alt=\"Fit fit logo\" class=\"elementor-animation-grow\" loading=\"lazy\" \/><\/a><\/figure><div class=\"elementor-image-box-content\"><h5 class=\"elementor-image-box-title\"><a href=\"https:\/\/www.fit-fit.net\/\">\u0160portni center Fit Fit<\/a><\/h5><p class=\"elementor-image-box-description\">10 % popust za \u0161tudente in dijake (fitnes, aerobika)\n\n<\/p><\/div><\/div>\t\t\t\t<\/div>\n\t\t\t\t<\/div>\n\t\t\t\t<div class=\"elementor-element elementor-element-124fce8 elementor-position-left elementor-vertical-align-top elementor-widget elementor-widget-image-box\" data-id=\"124fce8\" data-element_type=\"widget\" data-e-type=\"widget\" data-widget_type=\"image-box.default\">\n\t\t\t\t<div class=\"elementor-widget-container\">\n\t\t\t\t\t<div class=\"elementor-image-box-wrapper\"><figure class=\"elementor-image-box-img\"><img decoding=\"async\" width=\"150\" height=\"93\" src=\"https:\/\/salonupload.com\/dzm\/wp-content\/uploads\/Fitnes-Lozar-150x93.png\" class=\"elementor-animation-grow attachment-thumbnail size-thumbnail wp-image-1341\" alt=\"\" srcset=\"https:\/\/salonupload.com\/dzm\/wp-content\/uploads\/Fitnes-Lozar-150x93.png 150w, https:\/\/salonupload.com\/dzm\/wp-content\/uploads\/Fitnes-Lozar-300x185.png 300w, https:\/\/salonupload.com\/dzm\/wp-content\/uploads\/Fitnes-Lozar.png 737w\" sizes=\"(max-width: 150px) 100vw, 150px\" \/><\/figure><div class=\"elementor-image-box-content\"><h5 class=\"elementor-image-box-title\">Fitnes Lo\u017ear<\/h5><p class=\"elementor-image-box-description\">Cenej\u0161i dopoldanska in celodnevna mese\u010dna karta za obisk fitnesa za \u0161tudente in dijake.\n\n\n<\/p><\/div><\/div>\t\t\t\t<\/div>\n\t\t\t\t<\/div>\n\t\t\t\t<div class=\"elementor-element elementor-element-38400d1 elementor-position-left elementor-vertical-align-top elementor-widget elementor-widget-image-box\" data-id=\"38400d1\" data-element_type=\"widget\" data-e-type=\"widget\" data-widget_type=\"image-box.default\">\n\t\t\t\t<div class=\"elementor-widget-container\">\n\t\t\t\t\t<div class=\"elementor-image-box-wrapper\"><figure class=\"elementor-image-box-img\"><a href=\"https:\/\/bodifit.net\/centri\/bodifit-domzale\/\" tabindex=\"-1\"><img decoding=\"async\" width=\"150\" height=\"87\" src=\"https:\/\/salonupload.com\/dzm\/wp-content\/uploads\/Bodifit-150x87.png\" class=\"elementor-animation-grow attachment-thumbnail size-thumbnail wp-image-1342\" alt=\"\" srcset=\"https:\/\/salonupload.com\/dzm\/wp-content\/uploads\/Bodifit-150x87.png 150w, https:\/\/salonupload.com\/dzm\/wp-content\/uploads\/Bodifit.png 294w\" sizes=\"(max-width: 150px) 100vw, 150px\" \/><\/a><\/figure><div class=\"elementor-image-box-content\"><h5 class=\"elementor-image-box-title\"><a href=\"https:\/\/bodifit.net\/centri\/bodifit-domzale\/\">Bodifit Dom\u017eale<\/a><\/h5><p class=\"elementor-image-box-description\">\u0160tudentje lahko obiskujejo fitnes in vodene vadbe za ceno 5 \u20ac\/obisk. Ugodnost velja prek ponudnika www.studentska-vadba.si.<\/p><\/div><\/div>\t\t\t\t<\/div>\n\t\t\t\t<\/div>\n\t\t\t\t<div class=\"elementor-element elementor-element-7124a12 elementor-position-left elementor-vertical-align-top elementor-widget elementor-widget-image-box\" data-id=\"7124a12\" data-element_type=\"widget\" data-e-type=\"widget\" data-widget_type=\"image-box.default\">\n\t\t\t\t<div class=\"elementor-widget-container\">\n\t\t\t\t\t<div class=\"elementor-image-box-wrapper\"><figure class=\"elementor-image-box-img\"><a href=\"https:\/\/www.hisanatravniku.si\/\" tabindex=\"-1\"><img loading=\"lazy\" decoding=\"async\" width=\"150\" height=\"74\" src=\"https:\/\/salonupload.com\/dzm\/wp-content\/uploads\/Hisa-na-travniku_logo-150x74.png\" class=\"elementor-animation-grow attachment-thumbnail size-thumbnail wp-image-1343\" alt=\"\" srcset=\"https:\/\/salonupload.com\/dzm\/wp-content\/uploads\/Hisa-na-travniku_logo-150x74.png 150w, https:\/\/salonupload.com\/dzm\/wp-content\/uploads\/Hisa-na-travniku_logo-300x148.png 300w, https:\/\/salonupload.com\/dzm\/wp-content\/uploads\/Hisa-na-travniku_logo.png 320w\" sizes=\"(max-width: 150px) 100vw, 150px\" \/><\/a><\/figure><div class=\"elementor-image-box-content\"><h5 class=\"elementor-image-box-title\"><a href=\"https:\/\/www.hisanatravniku.si\/\">Hi\u0161a na travniku<\/a><\/h5><p class=\"elementor-image-box-description\">\u0160tudentom in dijakom ob omembi, da so ponudbo zasledili na portalu za mlade, nudijo 15 % popust na vse karte.\n<\/p><\/div><\/div>\t\t\t\t<\/div>\n\t\t\t\t<\/div>\n\t\t\t\t\t<\/div>\n\t\t<\/div>\n\t\t\t\t\t<\/div>\n\t\t<\/section>\n\t\t\t\t<\/div>\n\t\t","protected":false},"excerpt":{"rendered":"<p>MLADINSKA SFERA S skupnimi mo\u010dmi za bolj\u0161o prihodnost Mladinska sfera Popusti za dijake in \u0161tudente Na tej strani najdete seznam ponudnikov v ob\u010dini Dom\u017eale, ki \u0161tudentom in dijakom nudijo popuste.\u00a0 V kolikor ugotovite, da smo koga izpustili ali je na\u00a0novo uvedel ugodnosti, nam to sporo\u010dite in dodali ga bomo na seznam. Kulturni dom Franca Bernika [&hellip;]<\/p>\n","protected":false},"author":1,"featured_media":0,"parent":806,"menu_order":0,"comment_status":"closed","ping_status":"closed","template":"full-width.php","meta":{"_acf_changed":false,"_monsterinsights_skip_tracking":false,"_monsterinsights_sitenote_active":false,"_monsterinsights_sitenote_note":"","_monsterinsights_sitenote_category":0,"footnotes":""},"class_list":["post-847","page","type-page","status-publish","hentry"],"acf":[],"_links":{"self":[{"href":"https:\/\/salonupload.com\/dzm\/wp-json\/wp\/v2\/pages\/847","targetHints":{"allow":["GET"]}}],"collection":[{"href":"https:\/\/salonupload.com\/dzm\/wp-json\/wp\/v2\/pages"}],"about":[{"href":"https:\/\/salonupload.com\/dzm\/wp-json\/wp\/v2\/types\/page"}],"author":[{"embeddable":true,"href":"https:\/\/salonupload.com\/dzm\/wp-json\/wp\/v2\/users\/1"}],"replies":[{"embeddable":true,"href":"https:\/\/salonupload.com\/dzm\/wp-json\/wp\/v2\/comments?post=847"}],"version-history":[{"count":9,"href":"https:\/\/salonupload.com\/dzm\/wp-json\/wp\/v2\/pages\/847\/revisions"}],"predecessor-version":[{"id":1623,"href":"https:\/\/salonupload.com\/dzm\/wp-json\/wp\/v2\/pages\/847\/revisions\/1623"}],"up":[{"embeddable":true,"href":"https:\/\/salonupload.com\/dzm\/wp-json\/wp\/v2\/pages\/806"}],"wp:attachment":[{"href":"https:\/\/salonupload.com\/dzm\/wp-json\/wp\/v2\/media?parent=847"}],"curies":[{"name":"wp","href":"https:\/\/api.w.org\/{rel}","templated":true}]}}